{"id":9,"date":"2017-02-09T17:38:17","date_gmt":"2017-02-09T16:38:17","guid":{"rendered":"http:\/\/tvujchomutov.cz\/?page_id=9"},"modified":"2025-02-18T22:21:21","modified_gmt":"2025-02-18T21:21:21","slug":"o-projektu","status":"publish","type":"page","link":"https:\/\/www.naschomutov.cz\/naschomutov\/o-projektu\/","title":{"rendered":"O projektu"},"content":{"rendered":"<div class=\"wpb-content-wrapper\"><p>[vc_row][vc_column][vc_column_text css=&#8220;&#8220;]<span style=\"color: #993300;\"><strong>PARTICIPATIVN\u00cd ROZPO\u010cET 2025\/2026\u00a0<\/strong><\/span><\/p>\n<p><strong>Co je participativn\u00ed rozpo\u010det? <\/strong><\/p>\n<ul>\n<li>Je to p\u0159\u00edle\u017eitost pro ob\u010dany, kte\u0159\u00ed cht\u011bj\u00ed v\u011bnovat sv\u016fj \u010das na to, aby se jim ve m\u011bst\u011b \u017eilo l\u00e9pe.<\/li>\n<li>Je to p\u0159\u00edle\u017eitost pro ty, kte\u0159\u00ed maj\u00ed chu\u0165 si zkusit, jak\u00e9 je to navrhnout investici m\u011bsta od n\u00e1padu po realizaci.<\/li>\n<li>Je to mo\u017enost za\u017e\u00edt proces, jak p\u0159\u00edprava a realizace takov\u00e9 investice na \u00fa\u0159ad\u011b prob\u00edh\u00e1 a mo\u017enost v\u00fdsledek ovliv\u0148ovat.<\/li>\n<li>Je to v\u0161ak tak\u00e9 nov\u00e1 mo\u017enost pro m\u011bsto z\u00edskat n\u00e1m\u011bty na drobn\u00e9 \u00fapravy a o\u017eiven\u00ed ve\u0159ejn\u00fdch prostranstv\u00ed \u010di budov, kter\u00e9 v\u0161ak znamenaj\u00ed mnoho pro ty, kter\u00e9 v dan\u00e9m m\u00edst\u011b \u017eij\u00ed, tr\u00e1v\u00ed voln\u00fd \u010das, \u010di j\u00edm proch\u00e1zej\u00ed cestou do pr\u00e1ce, do \u0161koly atp.<\/li>\n<\/ul>\n<p>Pokud tedy v\u00edte o m\u00edstech, kter\u00e1 by si zaslou\u017eila o\u017eivit, upravit, poj\u010fte zkusit navrhnout zm\u011bnu k lep\u0161\u00edmu a aktivn\u011b se zapojit do rozhodov\u00e1n\u00ed o \u010d\u00e1sti financ\u00ed z rozpo\u010dtu m\u011bsta. M\u016f\u017ee se jednat nap\u0159. o vysazen\u00ed stromu, kv\u011btinov\u00e9ho z\u00e1honu, um\u00edst\u011bn\u00ed sochy, vytvo\u0159en\u00ed kapli\u010dky, dopln\u011bn\u00ed hern\u00edch prvk\u016f pro d\u011bti, posilovac\u00edch nebo fit prvk\u016f pro dosp\u011bl\u00e9, instalace lavi\u010dek, p\u0159\u00edp. i se zpevn\u011bn\u00fdm z\u00e1livem, dopln\u011bn\u00ed p\u0159echodu pro chodce nebo osv\u011btlen\u00ed pro zv\u00fd\u0161en\u00ed bezpe\u010dnosti provozu, nau\u010dn\u00e9 tabule o p\u0159\u00edrod\u011b, dopln\u011bn\u00ed pumptrackov\u00e9 dr\u00e1hy nebo skateparku, propojen\u00ed v\u00fdznamn\u00fdch stezek, o\u017eiven\u00ed m\u00edst, kde tr\u00e1v\u00edte \u010das \u2013 nap\u0159. dopln\u011bn\u00ed o lavi\u010dky, ko\u0161e, mlhovi\u0161t\u011b, venkovn\u00ed gril, pomalov\u00e1n\u00ed zd\u00ed nebo podchod\u016f nebo v\u00fdm\u011bn\u00edk\u016f malbami, obrazy a dal\u0161\u00ed\u2026<\/p>\n<p>N\u00e1vrhy participativn\u00edho rozpo\u010dtu Spole\u010dn\u011b tvo\u0159\u00edme Chomutov maj\u00ed m\u00edt investi\u010dn\u00ed charakter. Pokud se jedn\u00e1 o aktivity neinvesti\u010dn\u00edho charakteru (kulturn\u00ed a spole\u010densk\u00e9 akce), jsou pro n\u011b ur\u010den\u00e9 jin\u00e9 programy a fondy z rozpo\u010dtu m\u011bsta nebo kraje.<\/p>\n<p>Pro 6. ro\u010dn\u00edk participativn\u00edho rozpo\u010dtu 2025\/2026 je <strong><u>na Va\u0161e n\u00e1pady op\u011bt vy\u010dlen\u011bna \u010d\u00e1stka 5 mili\u00f3n\u016f korun<\/u><\/strong>, a pokud V\u00e1\u0161 n\u00e1pad spln\u00ed n\u011bkolik z\u00e1kladn\u00edch podm\u00ednek, m\u00e1 jist\u011b \u0161anci na realizaci a jestli\u017ee jste p\u0159ipraveni za V\u00e1\u0161 n\u00e1pad bojovat, \u0161ance se je\u0161t\u011b zvy\u0161uje! \ud83d\ude42<br \/>\n<span id=\"kriteria\"><\/span><br \/>\n<strong>Koncept projektu Spole\u010dn\u011b tvo\u0159\u00edme Chomutov:<\/strong><\/p>\n<p>Tento koncept a metodika pro dal\u0161\u00ed ro\u010dn\u00edk participativn\u00edho rozpo\u010dtu odr\u00e1\u017e\u00ed zku\u0161enosti z\u00a0p\u0159edchoz\u00edch ro\u010dn\u00edk\u016f participativn\u00edho rozpo\u010dtu v Chomutov\u011b. Metodika participativn\u00edho rozpo\u010dtu byla vyhodnocena a aktualizov\u00e1na o nov\u00e9 podn\u011bty, jak ze strany ob\u010dan\u016f, tak ze strany \u00fa\u0159adu.<\/p>\n<p><strong>Jak\u00e1 krit\u00e9ria mus\u00ed projekt spl\u0148ovat?<\/strong><\/p>\n<ol>\n<li>bude realizov\u00e1n <u>na ve\u0159ejn\u00e9m prostranstv\u00ed<\/u> (ulice, park, zelen\u00e9 plochy, n\u00e1m\u011bst\u00ed atp.) <u>nebo ve ve\u0159ejn\u011b p\u0159\u00edstupn\u00e9 budov\u011b<\/u>, kter\u00e1 je po v\u011bt\u0161\u00ed \u010d\u00e1st dne p\u0159\u00edstupn\u00e1 \u010di vyu\u017e\u00edv\u00e1na ve\u0159ejnost\u00ed, jako je nap\u0159. knihovna, kino atp. (nemus\u00ed b\u00fdt p\u0159\u00edstupno 24 hodin denn\u011b, ale rozhoduj\u00edc\u00ed je voln\u00fd p\u0159\u00edstup ka\u017ed\u00e9mu),<\/li>\n<li>bude realizov\u00e1n <u>na pozemku (v budov\u011b) ve vlastnictv\u00ed m\u011bsta<\/u>, p\u0159\u00edsp\u011bvkov\u00fdch organizac\u00ed m\u011bsta nebo obchodn\u00edch spole\u010dnost\u00ed m\u011bsta,<\/li>\n<li>bude <u>respektovat stanoven\u00fd max. finan\u010dn\u00ed limit na 1 projektov\u00fd z\u00e1m\u011br v\u00a0mal\u00e9m nebo velk\u00e9m participativn\u00edm rozpo\u010dtu<\/u> m\u011bsta Chomutova,<\/li>\n<li>bude <u>provediteln\u00fd<\/u>, tj. jeho realizace nesm\u00ed odporovat z\u00e1kon\u016fm, \u00fazemn\u00edmu pl\u00e1nu a R\u00e1mcov\u00e9 strategii rozvoje m\u011bsta a jin\u00fdm rozvojov\u00fdm koncepc\u00edm m\u011bsta,<\/li>\n<li>m\u00e1 <u>investi\u010dn\u00ed charakter<\/u>,<\/li>\n<li><u>ne\u0159e\u0161\u00ed d\u016fsledky evidentn\u00ed nedostate\u010dn\u00e9 \u00fadr\u017eby m\u011bstsk\u00e9ho majetku<\/u>,<\/li>\n<li>byl <u>v\u010das odevzd\u00e1n<\/u> (vypln\u011bn\u00fd n\u00e1vrh projektu v\u00a0dan\u00e9m formul\u00e1\u0159i).<\/li>\n<\/ol>\n<p>Tato krit\u00e9ria by se m\u011bl pokusit p\u0159edkladatel ov\u011b\u0159it je\u0161t\u011b p\u0159ed pod\u00e1n\u00edm n\u00e1vrhu, v\u00a0p\u0159\u00edpad\u011b pot\u0159eby asistence, jsou pracovn\u00edci Magistr\u00e1tu p\u0159ipraveni v\u00a0t\u00e9to v\u011bci pomoci.<\/p>\n<p><strong>Kdo m\u016f\u017ee projekt p\u0159edkl\u00e1dat:\u00a0<\/strong>Fyzick\u00e1 osoba star\u0161\u00ed 15 let.<\/p>\n<p><strong>Co mus\u00ed p\u0159edkladatel dolo\u017eit:\u00a0<\/strong>Vypln\u011bn\u00fd formul\u00e1\u0159 projektov\u00e9ho z\u00e1m\u011bru. Ke sta\u017een\u00ed zde: <a href=\"https:\/\/www.naschomutov.cz\/naschomutov\/wp-content\/uploads\/2024\/12\/formular-2025-2026.docx\">formul\u00e1\u0159 2025-2026<\/a>.<\/p>\n<p><strong>Kam a jak se projekt p\u0159edkl\u00e1d\u00e1:\u00a0<\/strong>P\u0159edkl\u00e1dat projektov\u00fd n\u00e1vrh lze elektronicky i p\u00edsemn\u011b, je to na zv\u00e1\u017een\u00ed p\u0159edkladatele.<\/p>\n<p><strong>P\u00edsemn\u00e1 forma:\u00a0<\/strong>Vypln\u011bn\u00fd formul\u00e1\u0159 se odevzd\u00e1v\u00e1 na podateln\u011b Magistr\u00e1tu m\u011bsta Chomutova v\u00a0uzav\u0159en\u00e9 ob\u00e1lce ozna\u010den\u00e9 n\u00e1pisem <strong>\u201eSpole\u010dn\u011b tvo\u0159\u00edme Chomutov 2025\/2026\u201c<\/strong> na adresu:\u00a0Magistr\u00e1t m\u011bsta Chomutova,\u00a0Odbor rozvoje a investic,\u00a0Zborovsk\u00e1 4602,\u00a0430 28 Chomutov<\/p>\n<p><strong>Elektronick\u00e1 forma:\u00a0<\/strong>Formul\u00e1\u0159 je mo\u017en\u00e9 vyplnit online na tomto webu v z\u00e1lo\u017ece &#8222;P\u0159ihl\u00e1sit n\u00e1vrh&#8220; (bude spu\u0161t\u011bno 3. 2. 2025) nebo je mo\u017en\u00e9 si formul\u00e1\u0159 st\u00e1hnout ve form\u00e1tu Word (odkaz viz v\u00fd\u0161e) a odeslat na emailovou adresu: <a href=\"mailto:tvorime@naschomutov.cz\">tvorime@naschomutov.cz<\/a>.<\/p>\n<p><strong>Kdy m\u016f\u017eu sv\u016fj projekt p\u0159ihl\u00e1sit:\u00a0<\/strong>Pod\u00e1vat n\u00e1vrhy je mo\u017en\u00e9 <strong><u>od 3. 2. do 16. 3. 2025<\/u><\/strong>.<\/p>\n<p><strong>Jak\u00fd m\u00e1 b\u00fdt finan\u010dn\u00ed objem projektu:<\/strong><\/p>\n<p>Pro rok 2025-2026 byla stanovena:<\/p>\n<ul>\n<li>maxim\u00e1ln\u00ed \u010d\u00e1stka ve v\u00fd\u0161i <strong><u>200 000 K\u010d<\/u> v\u010detn\u011b DPH na 1 projektov\u00fd z\u00e1m\u011br <u>v\u00a0mal\u00e9m participativn\u00edm rozpo\u010dtu <\/u>m\u011bsta Chomutova<\/strong><\/li>\n<li>a maxim\u00e1ln\u00ed \u010d\u00e1stka ve v\u00fd\u0161i <strong><u>1 000 000 K\u010d<\/u> v\u010detn\u011b DPH na 1 projektov\u00fd z\u00e1m\u011br<u> ve\u00a0velk\u00e9m participativn\u00edm rozpo\u010dtu<\/u> m\u011bsta Chomutova<\/strong>.<\/li>\n<\/ul>\n<p><strong>Celkov\u00e1 alokovan\u00e1 \u010d\u00e1stka<\/strong> na vybran\u00e9 z\u00e1m\u011bry <strong>z\u016fst\u00e1v\u00e1 v\u00a0hodnot\u011b 5\u00a0000 000 K\u010d <\/strong>v\u010detn\u011b DPH.<\/p>\n<p><strong>Maxim\u00e1ln\u00ed alokace pro <u>mal\u00fd<\/u> participativn\u00ed rozpo\u010det je <u>2 000\u00a0000 K\u010d<\/u><\/strong>, <strong>pro <u>velk\u00fd<\/u> participativn\u00ed rozpo\u010det <u>3\u00a0000\u00a0000 K\u010d<\/u>.<\/strong><\/p>\n<p>Maxim\u00e1ln\u00ed \u010d\u00e1stka poskytnut\u00e1 z\u00a0participativn\u00edho rozpo\u010dtu na 1 projektov\u00fd z\u00e1m\u011br zahrnuje jednak n\u00e1klady na vlastn\u00ed realizaci (zemn\u00ed a stavebn\u00ed pr\u00e1ce, vybaven\u00ed, mobili\u00e1\u0159, sadov\u00e9 \u00fapravy, zele\u0148 aj.), a jednak nezbytn\u00e9 n\u00e1klady na souvisej\u00edc\u00ed projektovou, p\u0159\u00edp. jinou dokumentaci.<\/p>\n<p>V\u00a0p\u0159\u00edpad\u011b, \u017ee si p\u0159edkladatel nen\u00ed jist, jak navrhnout rozpo\u010det, co do n\u011bj zahrnout, m\u016f\u017ee se obr\u00e1tit na koordin\u00e1torku projektu Ing. Terezu R\u00f6dlingovou, kter\u00e1 mu zajist\u00ed konzultaci s\u00a0p\u0159\u00edslu\u0161n\u00fdmi pracovn\u00edky magistr\u00e1tu.<br \/>\n<span id=\"posouzeni\"><\/span><br \/>\n<strong>Kdo m\u016f\u017ee p\u0159edkladateli poradit:\u00a0<\/strong>Krom\u011b sv\u00fdch informa\u010dn\u00edch zdroj\u016f m\u016f\u017ee p\u0159edkladatel vyu\u017e\u00edt konzultac\u00ed s pracovn\u00edky Odboru rozvoje a investic p\u0159\u00edp. jin\u00fdch relevantn\u00edch odbor\u016f Magistr\u00e1tu m\u011bsta Chomutova.<\/p>\n<p><strong>Jak se posuzuje realizovatelnost projektu: <\/strong>Do konce lh\u016fty pro kontrolu n\u00e1vrh\u016f (tj. do 30. 4. 2025) bude dokon\u010dena kontrola spln\u011bn\u00ed stanoven\u00fdch krit\u00e9ri\u00ed u v\u0161ech do\u0161l\u00fdch n\u00e1vrh\u016f. Tuto kontrolu budou prov\u00e1d\u011bt pracovn\u00edci odbor\u016f Magistr\u00e1tu m\u011bsta Chomutova.<\/p>\n<p>Aby projekt pro\u0161el do dal\u0161\u00ed f\u00e1ze, mus\u00ed kontrola prost\u0159ednictv\u00edm z\u00e1pisu z\u00a0kontroly konstatovat, \u017ee projekt:<\/p>\n<ul>\n<li>ve v\u0161ech bodech spl\u0148uje 7 z\u00e1kladn\u00edch krit\u00e9ri\u00ed uveden\u00fdch v\u00fd\u0161e.<\/li>\n<\/ul>\n<p><strong><u>Pokud n\u00e1vrh projektu projde \u00fasp\u011b\u0161n\u011b touto kontrolou, m\u00e1 se za to, \u017ee projekt stanoven\u00e1 krit\u00e9ria spl\u0148uje, je realizovateln\u00fd a m\u016f\u017ee b\u00fdt za\u0159azen do hlasov\u00e1n\u00ed<\/u><\/strong><strong>.<\/strong><\/p>\n<p>Z\u00e1pisy o v\u00fdsledku kontroly s p\u0159\u00edpadn\u00fdm koment\u00e1\u0159em budou jednotliv\u00fdm navrhovatel\u016fm zasl\u00e1ny elektronicky na uvedenou emailovou adresu, nebo p\u00edsemn\u011b v p\u0159\u00edpad\u011b uveden\u00ed pouze po\u0161tovn\u00ed adresy.<\/p>\n<p>V p\u0159\u00edpad\u011b nejasnost\u00ed \u010di chyb bude navrhovatel upozorn\u011bn a bude mu navr\u017eena \u00faprava \u017e\u00e1dosti, v p\u0159\u00edpad\u011b, \u017ee jde o nesrovnalosti \u010di chyby odstraniteln\u00e9.\u00a0<span id=\"hlasovani\"><\/span> M\u016f\u017ee se nap\u0159. jednat o p\u0159\u00edpad, kdy n\u00e1vrh projektu nebude spl\u0148ovat n\u011bkter\u00e9 z krit\u00e9ri\u00ed (nap\u0159. opat\u0159en\u00ed bude zasahovat do jin\u00e9ho, m\u011bstem nevlastn\u011bn\u00e9ho pozemku). P\u0159edkladatel tedy m\u016f\u017ee vyu\u017e\u00edt pracovn\u00edk\u016f Odboru rozvoje a investic k osobn\u00ed konzultaci s c\u00edlem odstranit nedostatky \u010di objasnit nesrovnatelnosti a n\u00e1vrh opravit tak, aby v\u0161echna krit\u00e9ria byla spln\u011bna.<\/p>\n<p><strong>Jak bude prob\u00edhat v\u00fdb\u011br projekt\u016f:<\/strong><\/p>\n<p>Po vyhodnocen\u00ed v\u0161ech podan\u00fdch n\u00e1vrh\u016f t\u00fdmem pracovn\u00edk\u016f Magistr\u00e1tu m\u011bsta, prob\u011bhne elektronick\u00e9 hlasov\u00e1n\u00ed o n\u00e1vrz\u00edch, kter\u00e9 je ur\u010den\u00e9 pro v\u0161echny ob\u010dany vyu\u017e\u00edvaj\u00edc\u00ed ve\u0159ejn\u00e1 prostranstv\u00ed na \u00fazem\u00ed m\u011bsta Chomutova.<\/p>\n<p>Hlasov\u00e1n\u00ed bude prob\u00edhat prost\u0159ednictv\u00edm on-line hlasovac\u00ed aplikace, kter\u00e1 umo\u017en\u00ed odeslat hlas z jak\u00e9hokoliv za\u0159\u00edzen\u00ed s p\u0159ipojen\u00edm k internetu (po\u010d\u00edta\u010d, chytr\u00fd telefon, tablet\u2026). P\u0159ed vstupem do aplikace bude ka\u017ed\u00fd hlasuj\u00edc\u00ed po\u017e\u00e1d\u00e1n o zad\u00e1n\u00ed telefonn\u00edho \u010d\u00edsla, na kter\u00e9 mu bude v SMS zpr\u00e1v\u011b doru\u010den unik\u00e1tn\u00ed PIN k\u00f3d slou\u017e\u00edc\u00ed k autentifikaci. T\u00edmto zp\u016fsobem je zaru\u010deno, \u017ee ka\u017ed\u00fd bude moci hlasovat pouze jednou.<\/p>\n<p><strong><u>T\u011bm, kte\u0159\u00ed nemaj\u00ed p\u0159\u00edstup k\u00a0internetu nebo nemaj\u00ed mobiln\u00ed telefon, bude umo\u017en\u011bno hlasov\u00e1n\u00ed na tabletu v\u00a0m\u011bstsk\u00e9m infocentru.<\/u><\/strong><\/p>\n<p>V p\u0159\u00edpad\u011b z\u00e1jmu klient\u016f v za\u0159\u00edzen\u00edch s\u00a0dlouhodob\u00fdm pobytem klient\u016f se zt\u00ed\u017een\u00fdm p\u0159\u00edstupem k\u00a0internetu, je mo\u017en\u00e9 zajistit hlasov\u00e1n\u00ed s\u00a0asistenc\u00ed na tabletu v\u00a0domov\u011b pro seniory, v domov\u011b s\u00a0pe\u010dovatelskou slu\u017ebou nebo v\u00a0dal\u0161\u00edch za\u0159\u00edzen\u00edch.<\/p>\n<p>Ka\u017ed\u00fd ob\u010dan bude moci hlasovat n\u011bkolika kladn\u00fdmi a n\u011bkolika z\u00e1porn\u00fdmi hlasy v\u00a0mal\u00e9m i ve velk\u00e9m participativn\u00edm rozpo\u010dtu. Maxim\u00e1ln\u00ed po\u010det hlas\u016f, kter\u00e9 m\u016f\u017ee ka\u017ed\u00fd pou\u017e\u00edt v\u00a0mal\u00e9m a ve velk\u00e9m participativn\u00edm rozpo\u010dtu, se up\u0159esn\u00ed, a\u017e bude zn\u00e1m po\u010det n\u00e1vrh\u016f postupuj\u00edc\u00edch k\u00a0hlasov\u00e1n\u00ed. Hlasuj\u00edc\u00ed nemus\u00ed rozdat v\u0161echny sv\u00e9 kladn\u00e9 a z\u00e1porn\u00e9 hlasy, kter\u00e9 m\u00e1 k\u00a0dispozici.<\/p>\n<p>Po se\u010dten\u00ed hlas\u016f budou n\u00e1vrhy se\u0159azeny od nejvy\u0161\u0161\u00edho po nejni\u017e\u0161\u00ed po\u010det z\u00edskan\u00fdch hlas\u016f v\u00a0mal\u00e9m participativn\u00edm rozpo\u010dtu a pak zvl\u00e1\u0161\u0165 ve velk\u00e9m participativn\u00edm rozpo\u010dtu, p\u0159i\u010dem\u017e do realizace budou vybr\u00e1ny z\u00e1m\u011bry <strong><u>s\u00a0minim\u00e1ln\u00edm po\u010dtem 50 hlas\u016f<\/u><\/strong> po ode\u010dten\u00ed m\u00ednusov\u00fdch hlas\u016f a\u017e do vy\u010derp\u00e1n\u00ed stanoven\u00e9 alokace v\u00a0mal\u00e9m participativn\u00edm rozpo\u010dtu (2 000\u00a0000 K\u010d) a ve velk\u00e9m participativn\u00edm rozpo\u010dtu (3\u00a0000\u00a0000 K\u010d). N\u00e1vrhy spl\u0148uj\u00edc\u00ed minim\u00e1ln\u00ed po\u010det hlas\u016f, kter\u00e9 se nevejdou do v\u00edt\u011bzn\u00fdch n\u00e1vrh\u016f v\u00a0mal\u00e9m participativn\u00edm rozpo\u010dtu a do v\u00edt\u011bzn\u00fdch n\u00e1vrh\u016f ve velk\u00e9m participativn\u00edm rozpo\u010dtu, budou vedeny jako projektov\u00e9 z\u00e1m\u011bry pod \u010darou a v\u00a0p\u0159\u00edpad\u011b \u00faspory z\u00a0realizace vybran\u00fdch akc\u00ed za\u0159azeny k\u00a0realizaci dodate\u010dn\u011b.<\/p>\n<p>V\u00a0p\u0159\u00edpad\u011b, \u017ee dva n\u00e1vrhy obdr\u017e\u00ed stejn\u00fd po\u010det hlas\u016f a sou\u010det jejich celkov\u00fdch n\u00e1klad\u016f bude p\u0159esahovat max. \u010d\u00e1stku, bude k\u00a0realizaci vybr\u00e1n takov\u00fd projekt, kter\u00fd bude m\u00edt m\u00e9n\u011b z\u00e1porn\u00fdch hlas\u016f.<\/p>\n<p>Pokud zv\u00edt\u011bz\u00ed v hlasov\u00e1n\u00ed ob\u010dan\u016f v\u00edce n\u00e1vrh\u016f na stejn\u00e9m m\u00edst\u011b\/na jednom ohrani\u010den\u00e9m \u00fazem\u00ed (nap\u0159. n\u00e1m\u011bst\u00ed, park, are\u00e1l atp.), budou n\u00e1vrhy realizov\u00e1ny n\u00e1sleduj\u00edc\u00edm zp\u016fsobem. V\u00a0p\u0159\u00edpad\u011b, \u017ee p\u016fjde o n\u00e1vrhy, jejich\u017e obsah se bude vz\u00e1jemn\u011b vylu\u010dovat, zrealizuje se n\u00e1vrh s\u00a0v\u011bt\u0161\u00edm po\u010dtem hlas\u016f.<span id=\"realizace\"><\/span> V\u00a0p\u0159\u00edpad\u011b, \u017ee p\u016fjde o n\u00e1vrhy, jejich\u017e obsah bude do ur\u010dit\u00e9 m\u00edry kompatibiln\u00ed a bude mo\u017en\u00e9 je v\u00a0\u00fazem\u00ed zrealizovat spole\u010dn\u011b, m\u016f\u017ee doj\u00edt k\u00a0realizaci v\u00edce n\u00e1vrh\u016f v\u00a0jedn\u00e9 lokalit\u011b dle v\u00fdsledk\u016f hlasov\u00e1n\u00ed. Kone\u010dn\u00e9 rozhodnut\u00ed o tom, zda v\u00a0lokalit\u011b lze realizovat v\u00edce n\u00e1vrh\u016f je vyhrazeno rad\u011b m\u011bsta.<\/p>\n<p><strong>Jak bude prob\u00edhat realizace projektu:<\/strong><\/p>\n<p>Projekt\/y, kter\u00e9 budou hlasov\u00e1n\u00edm vybr\u00e1ny k\u00a0realizaci, se stanou sou\u010d\u00e1st\u00ed investic realizovan\u00fdch statut\u00e1rn\u00edm m\u011bstem Chomutov, kter\u00e9 bude zodpov\u011bdn\u00e9 za jejich realizaci.<\/p>\n<p>Financov\u00e1n\u00ed bude prob\u00edhat prost\u0159ednictv\u00edm rozpo\u010dtovan\u00e9 \u010d\u00e1stky ve schv\u00e1len\u00e9m rozpo\u010dtu Odboru rozvoje a investic.<\/p>\n<p>V\u00a0t\u00e9to f\u00e1zi bude Odbor rozvoje investic p\u0159\u00edpadn\u011b jin\u00fd p\u0159\u00edslu\u0161n\u00fd odbor \u010di organizace m\u011bsta zaji\u0161\u0165ovat projektovou a administrativn\u00ed p\u0159\u00edpravu projektu pro jeho vlastn\u00ed realizaci. P\u0159edkladatel\/\u00e9 vybran\u00fdch n\u00e1m\u011bt\u016f budou na sch\u016fzce s\u00a0pracovn\u00edkem m\u011bsta sezn\u00e1meni s\u00a0dal\u0161\u00edm postupem, kter\u00fd bude zahrnovat p\u0159edev\u0161\u00edm:<\/p>\n<ul>\n<li>dopracov\u00e1n\u00ed n\u00e1vrhu a zpracov\u00e1n\u00ed projektov\u00e9 dokumentace nebo dal\u0161\u00edch pot\u0159ebn\u00fdch podklad\u016f<\/li>\n<li>zaji\u0161t\u011bn\u00ed pot\u0159ebn\u00fdch povolen\u00ed (\u00fazemn\u00ed souhlas, \u00fazemn\u00ed rozhodnut\u00ed, stavebn\u00ed povolen\u00ed atp.)<\/li>\n<li>v\u00fdb\u011brov\u00e9 \u0159\u00edzen\u00ed na zhotovitele<\/li>\n<li>zah\u00e1jen\u00ed vlastn\u00ed realizace<\/li>\n<\/ul>\n<p>V pr\u016fb\u011bhu realiza\u010dn\u00ed f\u00e1ze bude p\u0159edkladatel pr\u016fb\u011b\u017en\u011b informov\u00e1n o postupu a p\u0159\u00edpadn\u00fdch zm\u011bn\u00e1ch.<\/p>\n<p><strong>DOPL\u0147UJ\u00cdC\u00cd INFORMACE<\/strong><\/p>\n<p><strong>Nevy\u010derp\u00e1n\u00ed alokovan\u00e9 \u010d\u00e1stky<\/strong><\/p>\n<p>V\u00a0p\u0159\u00edpad\u011b, \u017ee stanoven\u00e1 \u010d\u00e1stka na p\u0159\u00edslu\u0161n\u00fd rok nebude vy\u010derp\u00e1na, budou nevyu\u017eit\u00e9 finan\u010dn\u00ed prost\u0159edky vr\u00e1ceny zp\u011bt do rozpo\u010dtu m\u011bsta. Nevyu\u017eit\u00e1 \u010d\u00e1stka tedy nebude navy\u0161ovat finan\u010dn\u00ed limit na n\u00e1sleduj\u00edc\u00ed rok. Pokud se ale p\u0159\u00edslu\u0161n\u00e1 akce nestihne dokon\u010dit \u010di v\u016fbec zah\u00e1jit v\u00a0roce, kdy byla v\u00a0r\u00e1mci hlasov\u00e1n\u00ed vybr\u00e1na, samoz\u0159ejm\u011b se dokon\u010d\u00ed \u010di zah\u00e1j\u00ed v\u00a0roce n\u00e1sleduj\u00edc\u00edm.<\/p>\n<p><strong>V\u00edcen\u00e1klady<\/strong><\/p>\n<p>V\u00a0p\u0159\u00edpad\u011b, \u017ee v\u00a0pr\u016fb\u011bhu realizace projektu dojde k\u00a0nav\u00fd\u0161en\u00ed n\u00e1klad\u016f, budou tyto hrazeny z\u00a0rozpo\u010dtu m\u011bsta a budou se \u0159\u00eddit smluvn\u00edm vztahem mezi dodavatelem a m\u011bstem p\u0159\u00edpadn\u011b dal\u0161\u00edmi relevantn\u00edmi sm\u011brnicemi a dokumenty m\u011bsta.[\/vc_column_text][\/vc_column][\/vc_row]<\/p>\n<\/div>","protected":false},"excerpt":{"rendered":"<p>[vc_row][vc_column][vc_column_text css=&#8220;&#8220;]PARTICIPATIVN\u00cd ROZPO\u010cET 2025\/2026\u00a0 Co je participativn\u00ed rozpo\u010det? Je to p\u0159\u00edle\u017eitost pro ob\u010dany, kte\u0159\u00ed cht\u011bj\u00ed v\u011bnovat sv\u016fj \u010das na to, [&hellip;]<\/p>\n","protected":false},"author":1,"featured_media":0,"parent":0,"menu_order":0,"comment_status":"closed","ping_status":"closed","template":"","meta":{"_acf_changed":false,"site-sidebar-layout":"no-sidebar","site-content-layout":"plain-container","ast-site-content-layout":"","site-content-style":"default","site-sidebar-style":"default","ast-global-header-display":"","ast-banner-title-visibility":"","ast-main-header-display":"","ast-hfb-above-header-display":"","ast-hfb-below-header-display":"","ast-hfb-mobile-header-display":"","site-post-title":"disabled","ast-breadcrumbs-content":"","ast-featured-img":"disabled","footer-sml-layout":"","theme-transparent-header-meta":"","adv-header-id-meta":"","stick-header-meta":"","header-above-stick-meta":"","header-main-stick-meta":"","header-below-stick-meta":"","astra-migrate-meta-layouts":"default","ast-page-background-enabled":"default","ast-page-background-meta":{"desktop":{"background-color":"var(--ast-global-color-5)","background-image":"","background-repeat":"repeat","background-position":"center center","background-size":"auto","background-attachment":"scroll","background-type":"","background-media":"","overlay-type":"","overlay-color":"","overlay-opacity":"","overlay-gradient":""},"tablet":{"background-color":"","background-image":"","background-repeat":"repeat","background-position":"center center","background-size":"auto","background-attachment":"scroll","background-type":"","background-media":"","overlay-type":"","overlay-color":"","overlay-opacity":"","overlay-gradient":""},"mobile":{"background-color":"","background-image":"","background-repeat":"repeat","background-position":"center center","background-size":"auto","background-attachment":"scroll","background-type":"","background-media":"","overlay-type":"","overlay-color":"","overlay-opacity":"","overlay-gradient":""}},"ast-content-background-meta":{"desktop":{"background-color":"var(--ast-global-color-4)","background-image":"","background-repeat":"repeat","background-position":"center center","background-size":"auto","background-attachment":"scroll","background-type":"","background-media":"","overlay-type":"","overlay-color":"","overlay-opacity":"","overlay-gradient":""},"tablet":{"background-color":"var(--ast-global-color-4)","background-image":"","background-repeat":"repeat","background-position":"center center","background-size":"auto","background-attachment":"scroll","background-type":"","background-media":"","overlay-type":"","overlay-color":"","overlay-opacity":"","overlay-gradient":""},"mobile":{"background-color":"var(--ast-global-color-4)","background-image":"","background-repeat":"repeat","background-position":"center center","background-size":"auto","background-attachment":"scroll","background-type":"","background-media":"","overlay-type":"","overlay-color":"","overlay-opacity":"","overlay-gradient":""}},"footnotes":""},"class_list":["post-9","page","type-page","status-publish","hentry"],"acf":[],"_links":{"self":[{"href":"https:\/\/www.naschomutov.cz\/naschomutov\/wp-json\/wp\/v2\/pages\/9","targetHints":{"allow":["GET"]}}],"collection":[{"href":"https:\/\/www.naschomutov.cz\/naschomutov\/wp-json\/wp\/v2\/pages"}],"about":[{"href":"https:\/\/www.naschomutov.cz\/naschomutov\/wp-json\/wp\/v2\/types\/page"}],"author":[{"embeddable":true,"href":"https:\/\/www.naschomutov.cz\/naschomutov\/wp-json\/wp\/v2\/users\/1"}],"replies":[{"embeddable":true,"href":"https:\/\/www.naschomutov.cz\/naschomutov\/wp-json\/wp\/v2\/comments?post=9"}],"version-history":[{"count":57,"href":"https:\/\/www.naschomutov.cz\/naschomutov\/wp-json\/wp\/v2\/pages\/9\/revisions"}],"predecessor-version":[{"id":4757,"href":"https:\/\/www.naschomutov.cz\/naschomutov\/wp-json\/wp\/v2\/pages\/9\/revisions\/4757"}],"wp:attachment":[{"href":"https:\/\/www.naschomutov.cz\/naschomutov\/wp-json\/wp\/v2\/media?parent=9"}],"curies":[{"name":"wp","href":"https:\/\/api.w.org\/{rel}","templated":true}]}}