{"id":5,"date":"2017-02-09T17:37:48","date_gmt":"2017-02-09T16:37:48","guid":{"rendered":"http:\/\/tvujchomutov.cz\/?page_id=5"},"modified":"2025-06-09T12:33:31","modified_gmt":"2025-06-09T10:33:31","slug":"uvodni-stranka","status":"publish","type":"page","link":"https:\/\/www.naschomutov.cz\/naschomutov\/","title":{"rendered":"\u00davod"},"content":{"rendered":"<div class=\"wpb-content-wrapper\"><p>[vc_section full_width=&#8220;stretch_row&#8220; el_class=&#8220;custom-bg-section&#8220; css=&#8220;.vc_custom_1737560649209{background-image: url(https:\/\/www.naschomutov.cz\/naschomutov\/wp-content\/uploads\/2024\/01\/IMG-20250108-WA0034.jpg?id=4336) !important;background-position: center !important;background-repeat: no-repeat !important;background-size: cover !important;}&#8220;][vc_row content_placement=&#8220;middle&#8220;][vc_column width=&#8220;3\/6&#8243;][vc_column_text css_animation=&#8220;fadeIn&#8220; css=&#8220;&#8220;]<\/p>\n<h2>Zm\u011bna za\u010d\u00edn\u00e1 Va\u0161\u00edm n\u00e1padem<\/h2>\n<p>[\/vc_column_text][vc_column_text css_animation=&#8220;fadeIn&#8220; css=&#8220;&#8220; el_class=&#8220;animDelay04&#8243;]M\u00e1te p\u0159\u00edle\u017eitost vylep\u0161ovat m\u011bsto, ve kter\u00e9m \u017eijete a tr\u00e1v\u00edte voln\u00fd \u010das. Je to jednoduch\u00e9, podejte n\u00e1vrh na investi\u010dn\u00ed projekt, z\u00edskejte hlasy a my to za\u0159\u00edd\u00edme.[\/vc_column_text][vc_btn title=&#8220;V\u00edce o projektu&#8220; style=&#8220;flat&#8220; shape=&#8220;round&#8220; color=&#8220;black&#8220; i_align=&#8220;right&#8220; i_icon_fontawesome=&#8220;fas fa-angle-right&#8220; css_animation=&#8220;fadeIn&#8220; css=&#8220;.vc_custom_1748241413419{margin-right: 25px !important;}&#8220; add_icon=&#8220;true&#8220; link=&#8220;url:%2Fnaschomutov%2Fo-projektu%2F&#8220; el_class=&#8220;animDelay05&#8243;][\/vc_column][vc_column width=&#8220;1\/12&#8243;][\/vc_column][vc_column width=&#8220;5\/12&#8243; el_class=&#8220;animatedBlocks&#8220;]    <div class=\"custom-shortcode wpb_animate_when_almost_visible wpb_fadeIn fadeIn\">\n                    <div class=\"custom-icon\">\n                <a href=\"\/naschomutov\/o-projektu\/#kriteria\"><img decoding=\"async\" src=\"https:\/\/www.naschomutov.cz\/naschomutov\/wp-content\/uploads\/2025\/01\/icon_01.png\" alt=\"P\u0159\u00edjem n\u00e1vrh\u016f\" \/><\/a>\n            <\/div>\n                <a href=\"\/naschomutov\/o-projektu\/#kriteria\"><p class=\"small-text\">3. 2. \u2013 16. 3. 2025<\/p><\/a>\n        <a href=\"\/naschomutov\/o-projektu\/#kriteria\"><p class=\"big-text\">P\u0159\u00edjem n\u00e1vrh\u016f<\/p><\/a>\n        <a href=\"\/naschomutov\/o-projektu\/#kriteria\"><p class=\"desc-text\">Ka\u017ed\u00fd od 15 let m\u016f\u017ee v term\u00ednu od 3. \u00fanora do 16. b\u0159ezna 2025 podat n\u00e1vrh na jakoukoliv investici na ve\u0159ejn\u00e9m prostranstv\u00ed m\u011bsta Chomutova, kter\u00e1 p\u0159inese jeho vylep\u0161en\u00ed.<\/p><\/a>\n    <\/div>\n        <div class=\"custom-shortcode wpb_animate_when_almost_visible wpb_fadeIn fadeIn\">\n                    <div class=\"custom-icon\">\n                <a href=\"\/naschomutov\/o-projektu\/#posouzeni\"><img decoding=\"async\" src=\"https:\/\/www.naschomutov.cz\/naschomutov\/wp-content\/uploads\/2025\/01\/icon_03.png\" alt=\"Kontrola n\u00e1vrh\u016f\" \/><\/a>\n            <\/div>\n                <a href=\"\/naschomutov\/o-projektu\/#posouzeni\"><p class=\"small-text\">17. 3. \u2013 30. 4. 2025<\/p><\/a>\n        <a href=\"\/naschomutov\/o-projektu\/#posouzeni\"><p class=\"big-text\">Kontrola n\u00e1vrh\u016f<\/p><\/a>\n        <a href=\"\/naschomutov\/o-projektu\/#posouzeni\"><p class=\"desc-text\">V term\u00ednu od 17. b\u0159ezna do 30. dubna 2025 se na Magistr\u00e1tu m\u011bsta Chomutova hodnot\u00ed v\u0161echny do\u0161l\u00e9 n\u00e1vrhy. Aby projekt pro\u0161el do dal\u0161\u00ed f\u00e1ze, mus\u00ed kontrola ov\u011b\u0159it, \u017ee projekt splnil v\u0161ech 7 krit\u00e9ri\u00ed a je tedy realizovateln\u00fd.<\/p><\/a>\n    <\/div>\n        <div class=\"custom-shortcode wpb_animate_when_almost_visible wpb_fadeIn fadeIn\">\n                    <div class=\"custom-icon\">\n                <a href=\"\/naschomutov\/o-projektu\/#hlasovani\"><img decoding=\"async\" src=\"https:\/\/www.naschomutov.cz\/naschomutov\/wp-content\/uploads\/2025\/01\/icon_04.png\" alt=\"Hlasov\u00e1n\u00ed\" \/><\/a>\n            <\/div>\n                <a href=\"\/naschomutov\/o-projektu\/#hlasovani\"><p class=\"small-text\">26. 5. \u2013 8. 6. 2025<\/p><\/a>\n        <a href=\"\/naschomutov\/o-projektu\/#hlasovani\"><p class=\"big-text\">Hlasov\u00e1n\u00ed<\/p><\/a>\n        <a href=\"\/naschomutov\/o-projektu\/#hlasovani\"><p class=\"desc-text\">O realizovateln\u00fdch n\u00e1vrz\u00edch se hlasuje v term\u00ednu od 26. kv\u011btna do 8. \u010dervna 2025 prost\u0159ednictv\u00edm on-line hlasovac\u00ed aplikace. Hlasovat m\u016f\u017ee ka\u017ed\u00fd, kdo vyu\u017e\u00edv\u00e1 ve\u0159ejn\u00e1 prostranstv\u00ed na \u00fazem\u00ed m\u011bsta Chomutova.<\/p><\/a>\n    <\/div>\n        <div class=\"custom-shortcode wpb_animate_when_almost_visible wpb_fadeIn fadeIn\">\n                    <div class=\"custom-icon\">\n                <a href=\"\/naschomutov\/o-projektu\/#realizace\"><img decoding=\"async\" src=\"https:\/\/www.naschomutov.cz\/naschomutov\/wp-content\/uploads\/2025\/01\/icon_05.png\" alt=\"Realizace\" \/><\/a>\n            <\/div>\n                <a href=\"\/naschomutov\/o-projektu\/#realizace\"><p class=\"small-text\">od 1. 1. 2026<\/p><\/a>\n        <a href=\"\/naschomutov\/o-projektu\/#realizace\"><p class=\"big-text\">Realizace<\/p><\/a>\n        <a href=\"\/naschomutov\/o-projektu\/#realizace\"><p class=\"desc-text\">V\u00edt\u011bzn\u00e9 projekty se stanou sou\u010d\u00e1st\u00ed investic realizovan\u00fdch Statut\u00e1rn\u00edm m\u011bstem Chomutov. Financov\u00e1n\u00ed bude prob\u00edhat prost\u0159ednictv\u00edm rozpo\u010dtovan\u00e9 \u010d\u00e1stky ve schv\u00e1len\u00e9m rozpo\u010dtu Odboru rozvoje a investic od 1. 1. 2026.<\/p><\/a>\n    <\/div>\n    [\/vc_column][\/vc_row][\/vc_section][vc_section el_class=&#8220;num-head&#8220;][vc_row][vc_column width=&#8220;4\/12&#8243;][\/vc_column][vc_column width=&#8220;4\/12&#8243;][vc_single_image image=&#8220;4637&#8243; img_size=&#8220;large&#8220; alignment=&#8220;center&#8220; css=&#8220;&#8220;][\/vc_column][vc_column width=&#8220;4\/12&#8243;][\/vc_column][\/vc_row][\/vc_section][vc_row disable_element=&#8220;yes&#8220; css=&#8220;.vc_custom_1748524570735{margin-top: 50px !important;margin-bottom: 70px !important;}&#8220;][vc_column][vc_column_text css=&#8220;&#8220;]<\/p>\n<h2 style=\"text-align: center;\">P\u011bt jednoduch\u00fdch krok\u016f, jak podat n\u00e1vrh<\/h2>\n<p>[\/vc_column_text][vc_column_text css=&#8220;&#8220;]<\/p>\n<ol class=\"listBeauty\">\n<li style=\"text-align: center;\">D\u00edvejte se kolem sebe a diskutujte o sv\u00fdch n\u00e1padech.<\/li>\n<li style=\"text-align: center;\">Zjist\u011bte si vlastn\u00edka pozemku\/budovy.<\/li>\n<li style=\"text-align: center;\">M\u00edsto nafo\u0165te, navrhn\u011bte nov\u00e1 \u0159e\u0161en\u00ed &#8211; inspirujte se v jin\u00fdch m\u011bstech.<\/li>\n<li style=\"text-align: center;\">Odhadn\u011bte rozpo\u010det n\u00e1vrhu.<\/li>\n<li style=\"text-align: center;\">V\u0161e sepi\u0161te do formul\u00e1\u0159e a t\u00edm n\u00e1m ofici\u00e1ln\u011b n\u00e1vrh pod\u00e1te.<\/li>\n<\/ol>\n<p>[\/vc_column_text][\/vc_column][\/vc_row][vc_row][vc_column][vc_column_text css=&#8220;&#8220;]<\/p>\n<h2 style=\"text-align: center;\">Co byste nem\u011bli p\u0159ehl\u00e9dnout<\/h2>\n<p>[\/vc_column_text][vc_basic_grid post_type=&#8220;post&#8220; max_items=&#8220;3&#8243; item=&#8220;4395&#8243; css=&#8220;&#8220; grid_id=&#8220;vc_gid:1749465194413-7f16313e-188e-3&#8243; taxonomies=&#8220;3&#8243;][\/vc_column][\/vc_row][vc_section full_width=&#8220;stretch_row&#8220; css=&#8220;.vc_custom_1737566652226{margin-bottom: 70px !important;padding-top: 100px !important;padding-bottom: 60px !important;background-image: url(https:\/\/www.naschomutov.cz\/naschomutov\/wp-content\/uploads\/2025\/01\/chomutov_green_background.jpg?id=4617) !important;background-position: center !important;background-repeat: no-repeat !important;background-size: cover !important;}&#8220; el_class=&#8220;white&#8220;][vc_row][vc_column width=&#8220;1\/4&#8243;][\/vc_column][vc_column width=&#8220;1\/2&#8243;][vc_column_text css=&#8220;&#8220; el_class=&#8220;titleBigger&#8220;]<\/p>\n<h2 style=\"text-align: center;\">Poj\u010fte s n\u00e1mi zm\u011bnit tv\u00e1\u0159 m\u011bsta<\/h2>\n<p>[\/vc_column_text][vc_column_text css=&#8220;&#8220;]V\u00edte o m\u00edstech, kter\u00e1 by si zaslou\u017eila o\u017eivit, upravit, navrhn\u011bte zm\u011bnu k\u00a0lep\u0161\u00edmu a aktivn\u011b se zapojte do\u00a0rozhodov\u00e1n\u00ed o\u00a0\u010d\u00e1sti financ\u00ed z\u00a0rozpo\u010dtu m\u011bsta. Pro \u0161est\u00fd ro\u010dn\u00edk participativn\u00edho rozpo\u010dtu 2025\/2026 je v\u00a0rozpo\u010dtu m\u011bsta <strong><u>na Va\u0161e n\u00e1pady vy\u010dlen\u011bna \u010d\u00e1stka 5 mili\u00f3n\u016f K\u010d<\/u><\/strong>, a pokud V\u00e1\u0161 n\u00e1pad spln\u00ed n\u011bkolik z\u00e1kladn\u00edch podm\u00ednek, m\u00e1 \u0161anci na realizaci a jestli\u017ee jste p\u0159ipraveni za V\u00e1\u0161 n\u00e1pad bojovat, \u0161ance se je\u0161t\u011b zvy\u0161uje![\/vc_column_text][vc_btn title=&#8220;Nov\u00fd n\u00e1vrh&#8220; style=&#8220;flat&#8220; shape=&#8220;round&#8220; color=&#8220;black&#8220; align=&#8220;center&#8220; i_align=&#8220;right&#8220; i_icon_fontawesome=&#8220;fas fa-angle-right&#8220; css_animation=&#8220;fadeIn&#8220; css=&#8220;&#8220; add_icon=&#8220;true&#8220; link=&#8220;url:%2Fnaschomutov%2Fprihlasit-navrh%2F&#8220;][\/vc_column][vc_column width=&#8220;1\/4&#8243;][\/vc_column][\/vc_row][\/vc_section][vc_row css=&#8220;.vc_custom_1737570862783{padding-bottom: 50px !important;}&#8220;][vc_column][vc_column_text css=&#8220;&#8220;]<\/p>\n<h2 style=\"text-align: center;\">Co je participativn\u00ed rozpo\u010det?<\/h2>\n<p>[\/vc_column_text][vc_row_inner content_placement=&#8220;middle&#8220; gap=&#8220;35&#8243; css=&#8220;.vc_custom_1737566662263{margin-bottom: 70px !important;}&#8220;][vc_column_inner width=&#8220;1\/2&#8243;][vc_column_text css=&#8220;&#8220;]<\/p>\n<h3>Participativn\u00ed rozpo\u010det 2025\/2026<\/h3>\n<p>[\/vc_column_text][vc_column_text css=&#8220;&#8220;]<\/p>\n<ul>\n<li>Je to p\u0159\u00edle\u017eitost pro ob\u010dany, kte\u0159\u00ed cht\u011bj\u00ed v\u011bnovat sv\u016fj \u010das na to, aby se jim ve m\u011bst\u011b \u017eilo l\u00e9pe.<\/li>\n<li>Je to p\u0159\u00edle\u017eitost pro ty, kte\u0159\u00ed maj\u00ed chu\u0165 si zkusit navrhnout investici m\u011bsta a b\u00fdt u toho od n\u00e1padu a\u017e po realizaci.<\/li>\n<li>Je to mo\u017enost za\u017e\u00edt proces, jak p\u0159\u00edprava a realizace takov\u00e9ho n\u00e1padu na \u00fa\u0159ad\u011b prob\u00edh\u00e1 a mo\u017enost v\u00fdsledek ovliv\u0148ovat.<\/li>\n<li>Je to v\u0161ak tak\u00e9 nov\u00e1 mo\u017enost pro m\u011bsto z\u00edskat n\u00e1m\u011bty na drobn\u00e9 \u00fapravy a o\u017eiven\u00ed ve\u0159ejn\u00fdch prostranstv\u00ed \u010di budov, kter\u00e9 v\u0161ak\u00a0 znamenaj\u00ed mnoho pro ty, kter\u00e9 v dan\u00e9m m\u00edst\u011b \u017eij\u00ed, tr\u00e1v\u00ed voln\u00fd \u010das, \u010di j\u00edm proch\u00e1zej\u00ed cestou do pr\u00e1ce, do \u0161koly atp.<\/li>\n<\/ul>\n<p>[\/vc_column_text][\/vc_column_inner][vc_column_inner width=&#8220;1\/2&#8243;][vc_single_image image=&#8220;4623&#8243; img_size=&#8220;large&#8220; alignment=&#8220;right&#8220; style=&#8220;vc_box_rounded&#8220; css_animation=&#8220;fadeIn&#8220; css=&#8220;&#8220;][\/vc_column_inner][\/vc_row_inner][vc_row_inner content_placement=&#8220;middle&#8220; gap=&#8220;35&#8243;][vc_column_inner width=&#8220;1\/2&#8243;][vc_single_image image=&#8220;4622&#8243; img_size=&#8220;large&#8220; style=&#8220;vc_box_rounded&#8220; css_animation=&#8220;fadeIn&#8220; css=&#8220;&#8220;][\/vc_column_inner][vc_column_inner width=&#8220;1\/2&#8243;][vc_column_text css=&#8220;&#8220;]<\/p>\n<h3>Jak\u00e1 krit\u00e9ria mus\u00ed projekt spl\u0148ovat?<\/h3>\n<p>[\/vc_column_text][vc_column_text css=&#8220;&#8220;]<\/p>\n<ol>\n<li style=\"list-style-type: none;\">\n<ol>\n<li>bude realizov\u00e1n <u>na ve\u0159ejn\u00e9m prostranstv\u00ed<\/u> (ulice, park, zelen\u00e9 plochy, n\u00e1m\u011bst\u00ed atp.) <u>nebo ve ve\u0159ejn\u011b p\u0159\u00edstupn\u00e9 budov\u011b<\/u>, kter\u00e1 je po v\u011bt\u0161\u00ed \u010d\u00e1st dne p\u0159\u00edstupn\u00e1 \u010di vyu\u017e\u00edv\u00e1na ve\u0159ejnost\u00ed, jako je nap\u0159. knihovna, kino atp. (nemus\u00ed b\u00fdt p\u0159\u00edstupno 24 hodin denn\u011b, ale rozhoduj\u00edc\u00ed je voln\u00fd p\u0159\u00edstup ka\u017ed\u00e9mu),<\/li>\n<li>bude realizov\u00e1n <u>na pozemku (v budov\u011b) ve vlastnictv\u00ed m\u011bsta<\/u>, p\u0159\u00edsp\u011bvkov\u00fdch organizac\u00ed m\u011bsta nebo obchodn\u00edch spole\u010dnost\u00ed m\u011bsta,<\/li>\n<li>bude <u>respektovat stanoven\u00fd max. finan\u010dn\u00ed limit na 1 projektov\u00fd z\u00e1m\u011br v\u00a0mal\u00e9m nebo velk\u00e9m participativn\u00edm rozpo\u010dtu<\/u> m\u011bsta Chomutova,<\/li>\n<li>bude <u>provediteln\u00fd<\/u>, tj. jeho realizace nesm\u00ed odporovat z\u00e1kon\u016fm, \u00fazemn\u00edmu pl\u00e1nu a R\u00e1mcov\u00e9 strategii rozvoje m\u011bsta a jin\u00fdm rozvojov\u00fdm koncepc\u00edm m\u011bsta,<\/li>\n<li>m\u00e1 <u>investi\u010dn\u00ed charakter<\/u>,<\/li>\n<li><u>ne\u0159e\u0161\u00ed d\u016fsledky evidentn\u00ed nedostate\u010dn\u00e9 \u00fadr\u017eby m\u011bstsk\u00e9ho majetku<\/u>,<\/li>\n<li>byl <u>v\u010das odevzd\u00e1n<\/u> (vypln\u011bn\u00fd n\u00e1vrh projektu v\u00a0dan\u00e9m formul\u00e1\u0159i).<\/li>\n<\/ol>\n<\/li>\n<\/ol>\n<p>Tato krit\u00e9ria by se m\u011bl pokusit p\u0159edkladatel ov\u011b\u0159it je\u0161t\u011b p\u0159ed pod\u00e1n\u00edm n\u00e1vrhu, v\u00a0p\u0159\u00edpad\u011b pot\u0159eby asistence, jsou pracovn\u00edci Magistr\u00e1tu p\u0159ipraveni v\u00a0t\u00e9to v\u011bci pomoci.[\/vc_column_text][\/vc_column_inner][\/vc_row_inner][vc_btn title=&#8220;V\u00edce o projektu&#8220; style=&#8220;flat&#8220; shape=&#8220;round&#8220; color=&#8220;green&#8220; align=&#8220;center&#8220; i_align=&#8220;right&#8220; i_icon_fontawesome=&#8220;fas fa-angle-right&#8220; css_animation=&#8220;fadeIn&#8220; css=&#8220;&#8220; add_icon=&#8220;true&#8220; link=&#8220;url:%2Fnaschomutov%2Fo-projektu%2F&#8220;][\/vc_column][\/vc_row]<\/p>\n<\/div>","protected":false},"excerpt":{"rendered":"<p>[vc_section full_width=&#8220;stretch_row&#8220; el_class=&#8220;custom-bg-section&#8220; css=&#8220;.vc_custom_1737560649209{background-image: url(https:\/\/www.naschomutov.cz\/naschomutov\/wp-content\/uploads\/2024\/01\/IMG-20250108-WA0034.jpg?id=4336) !important;background-position: center !important;background-repeat: no-repeat !important;background-size: cover !important;}&#8220;][vc_row content_placement=&#8220;middle&#8220;][vc_column width=&#8220;3\/6&#8243;][vc_column_text css_animation=&#8220;fadeIn&#8220; css=&#8220;&#8220;] Zm\u011bna za\u010d\u00edn\u00e1 Va\u0161\u00edm n\u00e1padem [&hellip;]<\/p>\n","protected":false},"author":1,"featured_media":0,"parent":0,"menu_order":0,"comment_status":"closed","ping_status":"closed","template":"","meta":{"_acf_changed":false,"site-sidebar-layout":"no-sidebar","site-content-layout":"plain-container","ast-site-content-layout":"","site-content-style":"default","site-sidebar-style":"default","ast-global-header-display":"","ast-banner-title-visibility":"","ast-main-header-display":"","ast-hfb-above-header-display":"","ast-hfb-below-header-display":"","ast-hfb-mobile-header-display":"","site-post-title":"disabled","ast-breadcrumbs-content":"","ast-featured-img":"disabled","footer-sml-layout":"","theme-transparent-header-meta":"","adv-header-id-meta":"","stick-header-meta":"","header-above-stick-meta":"","header-main-stick-meta":"","header-below-stick-meta":"","astra-migrate-meta-layouts":"default","ast-page-background-enabled":"default","ast-page-background-meta":{"desktop":{"background-color":"var(--ast-global-color-5)","background-image":"","background-repeat":"repeat","background-position":"center center","background-size":"auto","background-attachment":"scroll","background-type":"","background-media":"","overlay-type":"","overlay-color":"","overlay-opacity":"","overlay-gradient":""},"tablet":{"background-color":"","background-image":"","background-repeat":"repeat","background-position":"center center","background-size":"auto","background-attachment":"scroll","background-type":"","background-media":"","overlay-type":"","overlay-color":"","overlay-opacity":"","overlay-gradient":""},"mobile":{"background-color":"","background-image":"","background-repeat":"repeat","background-position":"center center","background-size":"auto","background-attachment":"scroll","background-type":"","background-media":"","overlay-type":"","overlay-color":"","overlay-opacity":"","overlay-gradient":""}},"ast-content-background-meta":{"desktop":{"background-color":"var(--ast-global-color-4)","background-image":"","background-repeat":"repeat","background-position":"center center","background-size":"auto","background-attachment":"scroll","background-type":"","background-media":"","overlay-type":"","overlay-color":"","overlay-opacity":"","overlay-gradient":""},"tablet":{"background-color":"var(--ast-global-color-4)","background-image":"","background-repeat":"repeat","background-position":"center center","background-size":"auto","background-attachment":"scroll","background-type":"","background-media":"","overlay-type":"","overlay-color":"","overlay-opacity":"","overlay-gradient":""},"mobile":{"background-color":"var(--ast-global-color-4)","background-image":"","background-repeat":"repeat","background-position":"center center","background-size":"auto","background-attachment":"scroll","background-type":"","background-media":"","overlay-type":"","overlay-color":"","overlay-opacity":"","overlay-gradient":""}},"footnotes":""},"class_list":["post-5","page","type-page","status-publish","hentry"],"acf":[],"_links":{"self":[{"href":"https:\/\/www.naschomutov.cz\/naschomutov\/wp-json\/wp\/v2\/pages\/5","targetHints":{"allow":["GET"]}}],"collection":[{"href":"https:\/\/www.naschomutov.cz\/naschomutov\/wp-json\/wp\/v2\/pages"}],"about":[{"href":"https:\/\/www.naschomutov.cz\/naschomutov\/wp-json\/wp\/v2\/types\/page"}],"author":[{"embeddable":true,"href":"https:\/\/www.naschomutov.cz\/naschomutov\/wp-json\/wp\/v2\/users\/1"}],"replies":[{"embeddable":true,"href":"https:\/\/www.naschomutov.cz\/naschomutov\/wp-json\/wp\/v2\/comments?post=5"}],"version-history":[{"count":56,"href":"https:\/\/www.naschomutov.cz\/naschomutov\/wp-json\/wp\/v2\/pages\/5\/revisions"}],"predecessor-version":[{"id":4806,"href":"https:\/\/www.naschomutov.cz\/naschomutov\/wp-json\/wp\/v2\/pages\/5\/revisions\/4806"}],"wp:attachment":[{"href":"https:\/\/www.naschomutov.cz\/naschomutov\/wp-json\/wp\/v2\/media?parent=5"}],"curies":[{"name":"wp","href":"https:\/\/api.w.org\/{rel}","templated":true}]}}