{"id":4812,"date":"2025-10-09T20:06:00","date_gmt":"2025-10-09T18:06:00","guid":{"rendered":"https:\/\/www.naschomutov.cz\/naschomutov\/?page_id=4812"},"modified":"2025-11-24T10:31:06","modified_gmt":"2025-11-24T09:31:06","slug":"vase-navrhy-2025-2026","status":"publish","type":"page","link":"https:\/\/www.naschomutov.cz\/naschomutov\/vase-navrhy-2025-2026\/","title":{"rendered":"Va\u0161e n\u00e1vrhy 2025\/2026"},"content":{"rendered":"<div class=\"wpb-content-wrapper\"><p>[vc_row][vc_column][vc_column_text css=&#8220;&#8220;]<\/p>\n<h2 style=\"text-align: center;\">Odhlasovan\u00e9 n\u00e1vrhy 2025\/2026:<\/h2>\n<p>[\/vc_column_text][vc_row_inner][vc_column_inner][vc_column_text css=&#8220;&#8220;]<\/p>\n<h3 style=\"text-align: center;\"><strong>Velk\u00fd participativn\u00ed rozpo\u010det:<\/strong><\/h3>\n<p>[\/vc_column_text][vc_basic_grid post_type=&#8220;post&#8220; max_items=&#8220;-1&#8243; order=&#8220;ASC&#8220; item=&#8220;4395&#8243; css=&#8220;&#8220; grid_id=&#8220;vc_gid:1763976652333-1320d79f-aa93-8&#8243; taxonomies=&#8220;21&#8243;][\/vc_column_inner][\/vc_row_inner][vc_row_inner][vc_column_inner][vc_column_text css=&#8220;&#8220;]<\/p>\n<h3 style=\"text-align: center;\"><strong>Mal\u00fd participativn\u00ed rozpo\u010det:<\/strong><\/h3>\n<p>[\/vc_column_text][vc_basic_grid post_type=&#8220;post&#8220; max_items=&#8220;-1&#8243; order=&#8220;ASC&#8220; item=&#8220;4395&#8243; css=&#8220;&#8220; grid_id=&#8220;vc_gid:1763976652334-b9e0bd3a-15f1-9&#8243; taxonomies=&#8220;22&#8243;][\/vc_column_inner][\/vc_row_inner][\/vc_column][\/vc_row]<\/p>\n<\/div>","protected":false},"excerpt":{"rendered":"<p>[vc_row][vc_column][vc_column_text css=&#8220;&#8220;] Odhlasovan\u00e9 n\u00e1vrhy 2025\/2026: [\/vc_column_text][vc_row_inner][vc_column_inner][vc_column_text css=&#8220;&#8220;] Velk\u00fd participativn\u00ed rozpo\u010det: [\/vc_column_text][vc_basic_grid post_type=&#8220;post&#8220; max_items=&#8220;-1&#8243; order=&#8220;ASC&#8220; item=&#8220;4395&#8243; css=&#8220;&#8220; grid_id=&#8220;vc_gid:1763976652333-1320d79f-aa93-8&#8243; taxonomies=&#8220;21&#8243;][\/vc_column_inner][\/vc_row_inner][vc_row_inner][vc_column_inner][vc_column_text css=&#8220;&#8220;] Mal\u00fd [&hellip;]<\/p>\n","protected":false},"author":1,"featured_media":0,"parent":0,"menu_order":0,"comment_status":"closed","ping_status":"closed","template":"","meta":{"_acf_changed":false,"site-sidebar-layout":"no-sidebar","site-content-layout":"plain-container","ast-site-content-layout":"default","site-content-style":"default","site-sidebar-style":"default","ast-global-header-display":"","ast-banner-title-visibility":"","ast-main-header-display":"","ast-hfb-above-header-display":"","ast-hfb-below-header-display":"","ast-hfb-mobile-header-display":"","site-post-title":"disabled","ast-breadcrumbs-content":"","ast-featured-img":"disabled","footer-sml-layout":"","theme-transparent-header-meta":"default","adv-header-id-meta":"","stick-header-meta":"","header-above-stick-meta":"","header-main-stick-meta":"","header-below-stick-meta":"","astra-migrate-meta-layouts":"set","ast-page-background-enabled":"default","ast-page-background-meta":{"desktop":{"background-color":"var(--ast-global-color-5)","background-image":"","background-repeat":"repeat","background-position":"center center","background-size":"auto","background-attachment":"scroll","background-type":"","background-media":"","overlay-type":"","overlay-color":"","overlay-opacity":"","overlay-gradient":""},"tablet":{"background-color":"","background-image":"","background-repeat":"repeat","background-position":"center center","background-size":"auto","background-attachment":"scroll","background-type":"","background-media":"","overlay-type":"","overlay-color":"","overlay-opacity":"","overlay-gradient":""},"mobile":{"background-color":"","background-image":"","background-repeat":"repeat","background-position":"center center","background-size":"auto","background-attachment":"scroll","background-type":"","background-media":"","overlay-type":"","overlay-color":"","overlay-opacity":"","overlay-gradient":""}},"ast-content-background-meta":{"desktop":{"background-color":"var(--ast-global-color-4)","background-image":"","background-repeat":"repeat","background-position":"center center","background-size":"auto","background-attachment":"scroll","background-type":"","background-media":"","overlay-type":"","overlay-color":"","overlay-opacity":"","overlay-gradient":""},"tablet":{"background-color":"var(--ast-global-color-4)","background-image":"","background-repeat":"repeat","background-position":"center center","background-size":"auto","background-attachment":"scroll","background-type":"","background-media":"","overlay-type":"","overlay-color":"","overlay-opacity":"","overlay-gradient":""},"mobile":{"background-color":"var(--ast-global-color-4)","background-image":"","background-repeat":"repeat","background-position":"center center","background-size":"auto","background-attachment":"scroll","background-type":"","background-media":"","overlay-type":"","overlay-color":"","overlay-opacity":"","overlay-gradient":""}},"footnotes":""},"class_list":["post-4812","page","type-page","status-publish","hentry"],"acf":[],"_links":{"self":[{"href":"https:\/\/www.naschomutov.cz\/naschomutov\/wp-json\/wp\/v2\/pages\/4812","targetHints":{"allow":["GET"]}}],"collection":[{"href":"https:\/\/www.naschomutov.cz\/naschomutov\/wp-json\/wp\/v2\/pages"}],"about":[{"href":"https:\/\/www.naschomutov.cz\/naschomutov\/wp-json\/wp\/v2\/types\/page"}],"author":[{"embeddable":true,"href":"https:\/\/www.naschomutov.cz\/naschomutov\/wp-json\/wp\/v2\/users\/1"}],"replies":[{"embeddable":true,"href":"https:\/\/www.naschomutov.cz\/naschomutov\/wp-json\/wp\/v2\/comments?post=4812"}],"version-history":[{"count":8,"href":"https:\/\/www.naschomutov.cz\/naschomutov\/wp-json\/wp\/v2\/pages\/4812\/revisions"}],"predecessor-version":[{"id":4830,"href":"https:\/\/www.naschomutov.cz\/naschomutov\/wp-json\/wp\/v2\/pages\/4812\/revisions\/4830"}],"wp:attachment":[{"href":"https:\/\/www.naschomutov.cz\/naschomutov\/wp-json\/wp\/v2\/media?parent=4812"}],"curies":[{"name":"wp","href":"https:\/\/api.w.org\/{rel}","templated":true}]}}